{"id":29436,"date":"2024-08-21T14:04:56","date_gmt":"2024-08-21T12:04:56","guid":{"rendered":"https:\/\/xn--dp-art-bva.ch\/accueil\/?page_id=29436"},"modified":"2026-04-30T09:14:59","modified_gmt":"2026-04-30T07:14:59","slug":"ateliers-pour-autisme-fribourg","status":"publish","type":"page","link":"https:\/\/xn--dp-art-bva.ch\/accueil\/28939-2\/ateliers-pour-autisme-fribourg\/","title":{"rendered":"Ateliers pour Autisme Fribourg"},"content":{"rendered":"<p>[et_pb_section fb_built=\u00a0\u00bb1&Prime; _builder_version=\u00a0\u00bb4.23&Prime; _module_preset=\u00a0\u00bbdefault\u00a0\u00bb background_enable_color=\u00a0\u00bboff\u00a0\u00bb width=\u00a0\u00bb100%\u00a0\u00bb custom_margin=\u00a0\u00bb0px||||false|false\u00a0\u00bb top_divider_style=\u00a0\u00bbwave2&Prime; top_divider_color=\u00a0\u00bb#EFD281&Prime; top_divider_height=\u00a0\u00bb65px\u00a0\u00bb top_divider_repeat=\u00a0\u00bb2x\u00a0\u00bb top_divider_flip=\u00a0\u00bbvertical\u00a0\u00bb top_divider_arrangement=\u00a0\u00bbabove_content\u00a0\u00bb bottom_divider_style=\u00a0\u00bbwaves2&Prime; bottom_divider_color=\u00a0\u00bb#EFD281&Prime; bottom_divider_height=\u00a0\u00bb68px\u00a0\u00bb bottom_divider_repeat=\u00a0\u00bb1x\u00a0\u00bb bottom_divider_flip=\u00a0\u00bbvertical\u00a0\u00bb bottom_divider_arrangement=\u00a0\u00bbabove_content\u00a0\u00bb global_colors_info=\u00a0\u00bb{}\u00a0\u00bb][et_pb_row column_structure=\u00a0\u00bb1_3,2_3&Prime; use_custom_gutter=\u00a0\u00bbon\u00a0\u00bb gutter_width=\u00a0\u00bb2&Prime; make_equal=\u00a0\u00bbon\u00a0\u00bb _builder_version=\u00a0\u00bb4.27.4&Prime; _module_preset=\u00a0\u00bbdefault\u00a0\u00bb width=\u00a0\u00bb100%\u00a0\u00bb max_width=\u00a0\u00bb2560px\u00a0\u00bb module_alignment=\u00a0\u00bbleft\u00a0\u00bb custom_margin=\u00a0\u00bb-70px||-70px||true|false\u00a0\u00bb custom_padding=\u00a0\u00bb40px||40px||false|false\u00a0\u00bb global_colors_info=\u00a0\u00bb{}\u00a0\u00bb][et_pb_column type=\u00a0\u00bb1_3&Prime; disabled_on=\u00a0\u00bbon|on|off\u00a0\u00bb _builder_version=\u00a0\u00bb4.23&Prime; _module_preset=\u00a0\u00bbdefault\u00a0\u00bb background_color=\u00a0\u00bb#56537C\u00a0\u00bb custom_padding=\u00a0\u00bb||120px||false|false\u00a0\u00bb global_colors_info=\u00a0\u00bb{}\u00a0\u00bb][et_pb_image src=\u00a0\u00bbhttps:\/\/d\u00e9p-art.ch\/wp-content\/uploads\/2024\/01\/dep-Art-logo-web.png\u00a0\u00bb title_text=\u00a0\u00bbde\u0301p-Art-logo-web\u00a0\u00bb _builder_version=\u00a0\u00bb4.23&Prime; _module_preset=\u00a0\u00bbdefault\u00a0\u00bb background_enable_color=\u00a0\u00bboff\u00a0\u00bb custom_margin=\u00a0\u00bb80px||||false|false\u00a0\u00bb custom_padding=\u00a0\u00bb|25px||25px|false|true\u00a0\u00bb global_colors_info=\u00a0\u00bb{}\u00a0\u00bb][\/et_pb_image][et_pb_text _builder_version=\u00a0\u00bb4.23&Prime; _module_preset=\u00a0\u00bbdefault\u00a0\u00bb module_alignment=\u00a0\u00bbleft\u00a0\u00bb custom_margin=\u00a0\u00bb0px||0px||false|false\u00a0\u00bb custom_padding=\u00a0\u00bb||0px|40px|false|false\u00a0\u00bb global_colors_info=\u00a0\u00bb{}\u00a0\u00bb]<\/p>\n<p><span style=\"font-size: large;\"><strong><span style=\"color: #ffffff;\">ATELIER D&rsquo;ART-TH\u00c9RAPIE<\/span><\/strong><\/span><\/p>\n<p>[\/et_pb_text][et_pb_text _builder_version=\u00a0\u00bb4.23&Prime; _module_preset=\u00a0\u00bbdefault\u00a0\u00bb text_text_color=\u00a0\u00bb#FFFFFF\u00a0\u00bb custom_margin=\u00a0\u00bb0px||||false|false\u00a0\u00bb custom_padding=\u00a0\u00bb0px|60px|0px|20px|false|false\u00a0\u00bb global_colors_info=\u00a0\u00bb{}\u00a0\u00bb]<\/p>\n<div class=\"et_pb_module et_pb_text et_pb_text_1  et_pb_text_align_justified et_pb_bg_layout_light\">\n<div class=\"et_pb_text_inner\"><span><strong>Fribourg \u2013 centre ville<\/strong><br \/><\/span><br \/><span>gare CFF \u2013 10 min.<\/span><br \/><span>bus TPF \u2013 3 min.<\/span><\/div>\n<\/div>\n<p>[\/et_pb_text][et_pb_image src=\u00a0\u00bbhttps:\/\/d\u00e9p-art.ch\/wp-content\/uploads\/2024\/05\/image-atelier-nouveau.jpg\u00a0\u00bb title_text=\u00a0\u00bbimage atelier nouveau\u00a0\u00bb align=\u00a0\u00bbcenter\u00a0\u00bb _builder_version=\u00a0\u00bb4.23&Prime; _module_preset=\u00a0\u00bbdefault\u00a0\u00bb background_enable_color=\u00a0\u00bboff\u00a0\u00bb custom_margin=\u00a0\u00bb0px||0px||false|false\u00a0\u00bb custom_padding=\u00a0\u00bb|25px||25px|false|true\u00a0\u00bb border_radii=\u00a0\u00bbon|12px|12px|12px|12px\u00a0\u00bb global_colors_info=\u00a0\u00bb{}\u00a0\u00bb][\/et_pb_image][\/et_pb_column][et_pb_column type=\u00a0\u00bb2_3&Prime; _builder_version=\u00a0\u00bb4.27.4&Prime; _module_preset=\u00a0\u00bbdefault\u00a0\u00bb custom_padding=\u00a0\u00bb|20px|68px|20px|false|false\u00a0\u00bb global_colors_info=\u00a0\u00bb{}\u00a0\u00bb][et_pb_image src=\u00a0\u00bbhttps:\/\/d\u00e9p-art.ch\/wp-content\/uploads\/2024\/08\/logo-autisme-fribourg.jpg\u00a0\u00bb title_text=\u00a0\u00bblogo autisme fribourg\u00a0\u00bb _builder_version=\u00a0\u00bb4.23&Prime; _module_preset=\u00a0\u00bbdefault\u00a0\u00bb width=\u00a0\u00bb100%\u00a0\u00bb max_width=\u00a0\u00bb100%\u00a0\u00bb min_height=\u00a0\u00bb60px\u00a0\u00bb height=\u00a0\u00bb60px\u00a0\u00bb max_height=\u00a0\u00bb100px\u00a0\u00bb custom_margin=\u00a0\u00bb90px||||false|false\u00a0\u00bb global_colors_info=\u00a0\u00bb{}\u00a0\u00bb][\/et_pb_image][et_pb_text _builder_version=\u00a0\u00bb4.27.4&Prime; _module_preset=\u00a0\u00bbdefault\u00a0\u00bb global_colors_info=\u00a0\u00bb{}\u00a0\u00bb]<\/p>\n<p>En collaboration avec Autisme Fribourg, d\u00e9p-Art propose six ateliers d&rsquo;art-th\u00e9rapie au printemps\u00a0 2026 (mai-juin) et automne 2026 (Octobre-novembre) au profit des membres de cette association. Ces ateliers de groupe peuvent accueillir quatre personnes et sont destin\u00e9s \u00e0 des autistes autonomes d\u00e8s 12 ans<br \/>(jeunes et adultes).<\/p>\n<h4>Th\u00e8me et techniques :<\/h4>\n<p>Printemps et Automne, peinture \u00e0 l&rsquo;aquarelle et pastels secs.<\/p>\n<p>[\/et_pb_text][et_pb_image src=\u00a0\u00bbhttps:\/\/d\u00e9p-art.ch\/wp-content\/uploads\/2026\/04\/printemps-image-1.jpg\u00a0\u00bb title_text=\u00a0\u00bbprintemps image 1&Prime; _builder_version=\u00a0\u00bb4.27.4&Prime; _module_preset=\u00a0\u00bbdefault\u00a0\u00bb global_colors_info=\u00a0\u00bb{}\u00a0\u00bb][\/et_pb_image][et_pb_text _builder_version=\u00a0\u00bb4.27.4&Prime; _module_preset=\u00a0\u00bbdefault\u00a0\u00bb text_text_color=\u00a0\u00bb#000000&Prime; hover_enabled=\u00a0\u00bb0&Prime; global_colors_info=\u00a0\u00bb{}\u00a0\u00bb sticky_enabled=\u00a0\u00bb0&Prime;]<\/p>\n<h3>Dates et disponibilit\u00e9s<\/h3>\n<table border=\"1\" style=\"height: 240px; width: 100%; border-collapse: collapse;\">\n<tbody>\n<tr style=\"height: 48px;\">\n<td style=\"width: 100.804%; height: 48px;\">Samedi 23 mai 2026 (10h00 &#8211; 12h00)<\/td>\n<td style=\"width: 3.23625%; height: 48px;\"><span style=\"color: #ff0000;\">complet<\/span><\/td>\n<\/tr>\n<tr style=\"height: 48px;\">\n<td style=\"width: 100.804%; height: 48px;\">Samedi 30 mai 2026 (10h00 &#8211; 12h00)<\/td>\n<td style=\"width: 3.23625%; height: 48px;\"><span style=\"color: #339966;\">Inscriptions ouvertes<\/span><\/td>\n<\/tr>\n<tr style=\"height: 48px;\">\n<td style=\"width: 100.804%; height: 48px;\">Samedi 6 juin 2026 (10h00 &#8211; 12h00)<\/td>\n<td style=\"width: 3.23625%; height: 48px;\"><span style=\"color: #339966;\">Inscriptions ouvertes<\/span><\/td>\n<\/tr>\n<tr style=\"height: 48px;\">\n<td style=\"width: 100.804%; height: 48px;\">Samedi 31 octobre 2026 (10h00 &#8211; 12h00)<\/td>\n<td style=\"width: 3.23625%; height: 48px;\"><span style=\"color: #339966;\">Inscriptions ouvertes<\/span><\/td>\n<\/tr>\n<tr>\n<td style=\"width: 100.804%;\">Samedi 7 novembre 2026 (10h00 &#8211; 12h00)<\/td>\n<td style=\"width: 3.23625%;\"><span style=\"color: #339966;\">Inscriptions ouvertes<\/span><\/td>\n<\/tr>\n<tr style=\"height: 48px;\">\n<td style=\"width: 100.804%; height: 48px;\">Samedi 14 novembre 2026 (10h00 &#8211; 12h00)<\/td>\n<td style=\"width: 3.23625%; height: 48px;\"><span style=\"color: #339966;\">Inscriptions ouvertes<\/span><\/td>\n<\/tr>\n<\/tbody>\n<\/table>\n<p>[\/et_pb_text][et_pb_button button_url=\u00a0\u00bbhttps:\/\/xn--dp-art-bva.ch\/accueil\/28939-2\/inscription-ateliers-autisme-fribourg\/\u00a0\u00bb button_text=\u00a0\u00bbS&rsquo;inscrire\u00a0\u00bb button_alignment=\u00a0\u00bbcenter\u00a0\u00bb _builder_version=\u00a0\u00bb4.27.4&Prime; _module_preset=\u00a0\u00bbdefault\u00a0\u00bb custom_button=\u00a0\u00bbon\u00a0\u00bb button_text_color=\u00a0\u00bb#000000&Prime; button_bg_color=\u00a0\u00bb#EFD281&Prime; button_border_color=\u00a0\u00bb#000000&Prime; global_colors_info=\u00a0\u00bb{}\u00a0\u00bb][\/et_pb_button][\/et_pb_column][\/et_pb_row][\/et_pb_section]<\/p>\n","protected":false},"excerpt":{"rendered":"<p>ATELIER D&rsquo;ART-TH\u00c9RAPIE Fribourg \u2013 centre villegare CFF \u2013 10 min.bus TPF \u2013 3 min. En collaboration avec Autisme Fribourg, d\u00e9p-Art propose six ateliers d&rsquo;art-th\u00e9rapie au printemps\u00a0 2026 (mai-juin) et automne 2026 (Octobre-novembre) au profit des membres de cette association. Ces ateliers de groupe peuvent accueillir quatre personnes et sont destin\u00e9s \u00e0 des autistes autonomes d\u00e8s [&hellip;]<\/p>\n","protected":false},"author":1,"featured_media":0,"parent":28939,"menu_order":0,"comment_status":"closed","ping_status":"closed","template":"","meta":{"_et_pb_use_builder":"on","_et_pb_old_content":"","_et_gb_content_width":"","footnotes":""},"class_list":["post-29436","page","type-page","status-publish","hentry"],"_links":{"self":[{"href":"https:\/\/xn--dp-art-bva.ch\/accueil\/wp-json\/wp\/v2\/pages\/29436","targetHints":{"allow":["GET"]}}],"collection":[{"href":"https:\/\/xn--dp-art-bva.ch\/accueil\/wp-json\/wp\/v2\/pages"}],"about":[{"href":"https:\/\/xn--dp-art-bva.ch\/accueil\/wp-json\/wp\/v2\/types\/page"}],"author":[{"embeddable":true,"href":"https:\/\/xn--dp-art-bva.ch\/accueil\/wp-json\/wp\/v2\/users\/1"}],"replies":[{"embeddable":true,"href":"https:\/\/xn--dp-art-bva.ch\/accueil\/wp-json\/wp\/v2\/comments?post=29436"}],"version-history":[{"count":40,"href":"https:\/\/xn--dp-art-bva.ch\/accueil\/wp-json\/wp\/v2\/pages\/29436\/revisions"}],"predecessor-version":[{"id":29572,"href":"https:\/\/xn--dp-art-bva.ch\/accueil\/wp-json\/wp\/v2\/pages\/29436\/revisions\/29572"}],"up":[{"embeddable":true,"href":"https:\/\/xn--dp-art-bva.ch\/accueil\/wp-json\/wp\/v2\/pages\/28939"}],"wp:attachment":[{"href":"https:\/\/xn--dp-art-bva.ch\/accueil\/wp-json\/wp\/v2\/media?parent=29436"}],"curies":[{"name":"wp","href":"https:\/\/api.w.org\/{rel}","templated":true}]}}