{"id":29228,"date":"2024-05-26T16:28:08","date_gmt":"2024-05-26T14:28:08","guid":{"rendered":"https:\/\/d\u00e9p-art.ch\/?page_id=29228"},"modified":"2024-06-23T17:00:21","modified_gmt":"2024-06-23T15:00:21","slug":"les-techniques","status":"publish","type":"page","link":"https:\/\/xn--dp-art-bva.ch\/accueil\/28939-2\/les-techniques\/","title":{"rendered":"Les techniques"},"content":{"rendered":"<p>[et_pb_section fb_built=\u00a0\u00bb1&Prime; _builder_version=\u00a0\u00bb4.23&Prime; _module_preset=\u00a0\u00bbdefault\u00a0\u00bb background_enable_color=\u00a0\u00bboff\u00a0\u00bb width=\u00a0\u00bb100%\u00a0\u00bb custom_margin=\u00a0\u00bb0px||||false|false\u00a0\u00bb top_divider_style=\u00a0\u00bbwave2&Prime; top_divider_color=\u00a0\u00bb#EFD281&Prime; top_divider_height=\u00a0\u00bb65px\u00a0\u00bb top_divider_repeat=\u00a0\u00bb2x\u00a0\u00bb top_divider_flip=\u00a0\u00bbvertical\u00a0\u00bb top_divider_arrangement=\u00a0\u00bbabove_content\u00a0\u00bb bottom_divider_style=\u00a0\u00bbwaves2&Prime; bottom_divider_color=\u00a0\u00bb#EFD281&Prime; bottom_divider_height=\u00a0\u00bb68px\u00a0\u00bb bottom_divider_repeat=\u00a0\u00bb1x\u00a0\u00bb bottom_divider_flip=\u00a0\u00bbvertical\u00a0\u00bb bottom_divider_arrangement=\u00a0\u00bbabove_content\u00a0\u00bb global_colors_info=\u00a0\u00bb{}\u00a0\u00bb][et_pb_row column_structure=\u00a0\u00bb1_3,2_3&Prime; use_custom_gutter=\u00a0\u00bbon\u00a0\u00bb gutter_width=\u00a0\u00bb2&Prime; make_equal=\u00a0\u00bbon\u00a0\u00bb _builder_version=\u00a0\u00bb4.23&Prime; _module_preset=\u00a0\u00bbdefault\u00a0\u00bb width=\u00a0\u00bb100%\u00a0\u00bb max_width=\u00a0\u00bb2560px\u00a0\u00bb module_alignment=\u00a0\u00bbleft\u00a0\u00bb custom_margin=\u00a0\u00bb-70px||-70px|0px|true|false\u00a0\u00bb custom_padding=\u00a0\u00bb|||0px|false|false\u00a0\u00bb global_colors_info=\u00a0\u00bb{}\u00a0\u00bb][et_pb_column type=\u00a0\u00bb1_3&Prime; disabled_on=\u00a0\u00bbon|on|off\u00a0\u00bb _builder_version=\u00a0\u00bb4.23&Prime; _module_preset=\u00a0\u00bbdefault\u00a0\u00bb background_color=\u00a0\u00bb#56537C\u00a0\u00bb global_colors_info=\u00a0\u00bb{}\u00a0\u00bb][et_pb_image src=\u00a0\u00bbhttps:\/\/d\u00e9p-art.ch\/wp-content\/uploads\/2024\/01\/dep-Art-logo-web.png\u00a0\u00bb title_text=\u00a0\u00bbde\u0301p-Art-logo-web\u00a0\u00bb _builder_version=\u00a0\u00bb4.23&Prime; _module_preset=\u00a0\u00bbdefault\u00a0\u00bb background_enable_color=\u00a0\u00bboff\u00a0\u00bb custom_margin=\u00a0\u00bb80px||20px||false|false\u00a0\u00bb custom_padding=\u00a0\u00bb|25px||25px|false|true\u00a0\u00bb global_colors_info=\u00a0\u00bb{}\u00a0\u00bb][\/et_pb_image][et_pb_text _builder_version=\u00a0\u00bb4.23&Prime; _module_preset=\u00a0\u00bbdefault\u00a0\u00bb background_color=\u00a0\u00bbRGBA(255,255,255,0)\u00a0\u00bb text_orientation=\u00a0\u00bbjustified\u00a0\u00bb module_alignment=\u00a0\u00bbleft\u00a0\u00bb custom_margin=\u00a0\u00bb0px||50px|0px|false|false\u00a0\u00bb custom_padding=\u00a0\u00bb0px|60px|0px|60px|true|true\u00a0\u00bb global_colors_info=\u00a0\u00bb{}\u00a0\u00bb]<\/p>\n<p><span style=\"font-size: large;\"><strong><span style=\"color: #ffffff;\">ATELIER D&rsquo;ART-TH\u00c9RAPIE<\/span><\/strong><\/span><\/p>\n<p>&nbsp;<\/p>\n<p><span style=\"color: #ffffff;\"><\/span><\/p>\n<p>[\/et_pb_text][et_pb_image src=\u00a0\u00bbhttps:\/\/d\u00e9p-art.ch\/wp-content\/uploads\/2024\/05\/image-atelier-nouveau.jpg\u00a0\u00bb title_text=\u00a0\u00bbimage atelier nouveau\u00a0\u00bb align=\u00a0\u00bbcenter\u00a0\u00bb _builder_version=\u00a0\u00bb4.23&Prime; _module_preset=\u00a0\u00bbdefault\u00a0\u00bb background_color=\u00a0\u00bb#56537C\u00a0\u00bb custom_margin=\u00a0\u00bb0px||90px||false|false\u00a0\u00bb custom_padding=\u00a0\u00bb|10px||10px|false|false\u00a0\u00bb border_radii=\u00a0\u00bbon|12px|12px|12px|12px\u00a0\u00bb global_colors_info=\u00a0\u00bb{}\u00a0\u00bb][\/et_pb_image][et_pb_text _builder_version=\u00a0\u00bb4.23&Prime; _module_preset=\u00a0\u00bbdefault\u00a0\u00bb background_color=\u00a0\u00bbRGBA(255,255,255,0)\u00a0\u00bb text_orientation=\u00a0\u00bbjustified\u00a0\u00bb custom_margin=\u00a0\u00bb90px||90px||false|false\u00a0\u00bb custom_padding=\u00a0\u00bb0px|60px|0px|60px|true|true\u00a0\u00bb global_colors_info=\u00a0\u00bb{}\u00a0\u00bb]<\/p>\n<p><span style=\"font-size: large; font-weight: bold; color: #ffffff;\">TARIFS et MODALIT\u00c9S :<\/span><\/p>\n<h6><span style=\"color: #ffffff;\"><\/span><\/h6>\n<h6><strong><span style=\"color: #ffffff;\">Les vendredis apr\u00e8s-midi et en soir\u00e9e<br \/>(de 13h00 \u00e0 21h00)<\/span><\/strong><\/h6>\n<p><span style=\"color: #ffffff;\"><\/span><\/p>\n<h6><strong><span style=\"color: #ffffff;\">LE MAT\u00c9RIEL EST INCLUS<\/span><\/strong><\/h6>\n<h6><span style=\"color: #ffffff;\"><\/span><\/h6>\n<h6><\/h6>\n<h6><span style=\"color: #ffffff;\"><strong>S\u00e9ance individuelle :<\/strong><br \/>150 CHF pour 1h30<\/span><\/h6>\n<h6><span style=\"color: #ffffff;\"><strong>Groupes th\u00e9rapeutiques :\u00a0<\/strong><br \/>3 \u00e0 6 personnes, 85 CHF pour 1h30<\/span><\/h6>\n<h6><span style=\"color: #ffffff;\"><\/span><\/h6>\n<h6><span style=\"color: #ffffff;\">Paiement sur place au comptant ou par TWINT<\/span><\/h6>\n<p><span style=\"color: #ffffff;\"><\/span><\/p>\n<h6><span style=\"color: #ffffff;\">Les s\u00e9ances manqu\u00e9es ou annul\u00e9es moins de 24h avant le rendez-vous sont dues.<\/span><\/h6>\n<p><span style=\"color: #ffffff;\"><\/span><\/p>\n<p><span style=\"color: #ffffff;\"><\/span><\/p>\n<p><span style=\"color: #ffffff;\"><\/span><\/p>\n<p><span style=\"color: #ffffff;\"><\/span><\/p>\n<p><span style=\"color: #ffffff;\"><\/span><\/p>\n<p>[\/et_pb_text][\/et_pb_column][et_pb_column type=\u00a0\u00bb2_3&Prime; _builder_version=\u00a0\u00bb4.23&Prime; _module_preset=\u00a0\u00bbdefault\u00a0\u00bb custom_padding=\u00a0\u00bb|20px||20px|false|false\u00a0\u00bb global_colors_info=\u00a0\u00bb{}\u00a0\u00bb][et_pb_text admin_label=\u00a0\u00bbTexte\u00a0\u00bb _builder_version=\u00a0\u00bb4.23&Prime; _module_preset=\u00a0\u00bbdefault\u00a0\u00bb custom_margin=\u00a0\u00bb60px|40px|90px||false|false\u00a0\u00bb global_colors_info=\u00a0\u00bb{}\u00a0\u00bb]<\/p>\n<h1>Aper\u00e7u de quelques techniques utilis\u00e9es<\/h1>\n<p style=\"text-align: justify;\">Le processus art-th\u00e9rapeutique que je propose s&rsquo;appuie sur la peinture, le dessin, le modelage et parfois le collage. Techniquement, on parle d&rsquo;art-th\u00e9rapie \u00ab\u00a0\u00e0 m\u00e9diation plastique et visuelle\u00a0\u00bb pour d\u00e9signer l&rsquo;ensemble de ces modalit\u00e9s. Le choix d&rsquo;une technique &#8211; d&rsquo;un m\u00e9dium &#8211; n&rsquo;est pas anodin et fait partie int\u00e9grante de la proposition art-th\u00e9rapeutique qui sera discut\u00e9e avec vous dans le cadre de votre accompagnement.<\/p>\n<p>[\/et_pb_text][et_pb_image src=\u00a0\u00bbhttps:\/\/d\u00e9p-art.ch\/wp-content\/uploads\/2024\/05\/image-modelage-5-2.jpg\u00a0\u00bb title_text=\u00a0\u00bbimage modelage 5&Prime; align=\u00a0\u00bbcenter\u00a0\u00bb _builder_version=\u00a0\u00bb4.23&Prime; _module_preset=\u00a0\u00bbdefault\u00a0\u00bb module_alignment=\u00a0\u00bbleft\u00a0\u00bb global_colors_info=\u00a0\u00bb{}\u00a0\u00bb][\/et_pb_image][et_pb_text admin_label=\u00a0\u00bbTexte\u00a0\u00bb _builder_version=\u00a0\u00bb4.23&Prime; _module_preset=\u00a0\u00bbdefault\u00a0\u00bb custom_margin=\u00a0\u00bb40px|40px|90px||false|false\u00a0\u00bb global_colors_info=\u00a0\u00bb{}\u00a0\u00bb]<\/p>\n<h3>Modelage en argile<\/h3>\n<p style=\"text-align: justify;\">Modeler, c&rsquo;est donner forme \u00e0 l&rsquo;informe, c&rsquo;est imprimer sa marque dans la mati\u00e8re. Cette technique sollicite particuli\u00e8rement les forces de la volont\u00e9 et le sens du toucher. Elle permet d&rsquo;observer les mouvements d&rsquo;attraction ou de r\u00e9pulsion (sympathie et antipathie) vis-\u00e0-vis de la terre et de la mati\u00e8re. Elle permet notamment d&rsquo;effectuer un travail sur l&rsquo;ancrage et l&rsquo;incarnation.<\/p>\n<p>[\/et_pb_text][et_pb_image src=\u00a0\u00bbhttps:\/\/d\u00e9p-art.ch\/wp-content\/uploads\/2024\/05\/aquarelle-2.jpg\u00a0\u00bb title_text=\u00a0\u00bbaquarelle 2&Prime; align=\u00a0\u00bbcenter\u00a0\u00bb _builder_version=\u00a0\u00bb4.23&Prime; _module_preset=\u00a0\u00bbdefault\u00a0\u00bb width=\u00a0\u00bb100%\u00a0\u00bb global_colors_info=\u00a0\u00bb{}\u00a0\u00bb][\/et_pb_image][et_pb_text admin_label=\u00a0\u00bbTexte\u00a0\u00bb _builder_version=\u00a0\u00bb4.23&Prime; _module_preset=\u00a0\u00bbdefault\u00a0\u00bb custom_margin=\u00a0\u00bb40px|40px|90px||false|false\u00a0\u00bb global_colors_info=\u00a0\u00bb{}\u00a0\u00bb]<\/p>\n<h3>Peinture \u00e0 l&rsquo;aquarelle<\/h3>\n<p style=\"text-align: justify;\">Dans la technique du \u00ab\u00a0mouill\u00e9 sur mouill\u00e9\u00a0\u00bb, observer le jeu de l&rsquo;eau et de la couleur, les effets de dilution ou de concentration, les notions de territoires et de fronti\u00e8res. Se permettre de l\u00e2cher le contr\u00f4le tout en travaillant la confiance et la pers\u00e9v\u00e9rance. L&rsquo;aquarelle permet un travail sur la couleur tout en finesse et en nuances, afin d&rsquo;explorer, d\u00e9couvrir ou renforcer l&rsquo;expression de sa sensibilit\u00e9.<\/p>\n<p>[\/et_pb_text][et_pb_image src=\u00a0\u00bbhttps:\/\/d\u00e9p-art.ch\/wp-content\/uploads\/2024\/06\/pastels-secs-2.jpg\u00a0\u00bb title_text=\u00a0\u00bbpastels secs 2&Prime; align=\u00a0\u00bbcenter\u00a0\u00bb _builder_version=\u00a0\u00bb4.23&Prime; _module_preset=\u00a0\u00bbdefault\u00a0\u00bb global_colors_info=\u00a0\u00bb{}\u00a0\u00bb][\/et_pb_image][et_pb_text admin_label=\u00a0\u00bbTexte\u00a0\u00bb _builder_version=\u00a0\u00bb4.23&Prime; _module_preset=\u00a0\u00bbdefault\u00a0\u00bb custom_margin=\u00a0\u00bb40px|40px|90px||false|false\u00a0\u00bb global_colors_info=\u00a0\u00bb{}\u00a0\u00bb]<\/p>\n<h3>Dessin aux pastels secs<\/h3>\n<p style=\"text-align: justify;\">Moins techniques que l&rsquo;aquarelle, les pastels secs permettent de toucher directement son dessin, sans l&rsquo;interm\u00e9diaire d&rsquo;un outil. Le travail des nuances, les passages de couleur et les d\u00e9grad\u00e9s sont au bout des doigts. C&rsquo;est une technique qui se pr\u00eate bien \u00e0 un travail sur les notions de force et de douceur.<\/p>\n<p>[\/et_pb_text][et_pb_image src=\u00a0\u00bbhttps:\/\/d\u00e9p-art.ch\/wp-content\/uploads\/2024\/06\/fusains-2.jpg\u00a0\u00bb title_text=\u00a0\u00bbfusains 2&Prime; align=\u00a0\u00bbcenter\u00a0\u00bb _builder_version=\u00a0\u00bb4.23&Prime; _module_preset=\u00a0\u00bbdefault\u00a0\u00bb global_colors_info=\u00a0\u00bb{}\u00a0\u00bb][\/et_pb_image][et_pb_text admin_label=\u00a0\u00bbTexte\u00a0\u00bb _builder_version=\u00a0\u00bb4.23&Prime; _module_preset=\u00a0\u00bbdefault\u00a0\u00bb custom_margin=\u00a0\u00bb40px|40px|90px||false|false\u00a0\u00bb global_colors_info=\u00a0\u00bb{}\u00a0\u00bb]<\/p>\n<h3>Dessin au fusain<\/h3>\n<p style=\"text-align: justify;\">Le dessin au fusain permet en particulier de travailler la subtilit\u00e9 et la sensibilit\u00e9 dans l&rsquo;expression des nuances. Il permet \u00e9galement une approche sensible et progressive vers la lumi\u00e8re ou l&rsquo;obscurit\u00e9 en fonction des besoins de l&rsquo;accompagnement.<\/p>\n<p>[\/et_pb_text][et_pb_image src=\u00a0\u00bbhttps:\/\/d\u00e9p-art.ch\/wp-content\/uploads\/2024\/05\/atelier-libre.jpg\u00a0\u00bb title_text=\u00a0\u00bbatelier libre\u00a0\u00bb align=\u00a0\u00bbcenter\u00a0\u00bb _builder_version=\u00a0\u00bb4.23&Prime; _module_preset=\u00a0\u00bbdefault\u00a0\u00bb global_colors_info=\u00a0\u00bb{}\u00a0\u00bb][\/et_pb_image][et_pb_text admin_label=\u00a0\u00bbTexte\u00a0\u00bb _builder_version=\u00a0\u00bb4.23&Prime; _module_preset=\u00a0\u00bbdefault\u00a0\u00bb custom_margin=\u00a0\u00bb60px|40px|90px||false|false\u00a0\u00bb global_colors_info=\u00a0\u00bb{}\u00a0\u00bb]<\/p>\n<h3>Autres techniques &#8230;<\/h3>\n<p style=\"text-align: justify;\">En fonction des besoins de l&rsquo;accompagnement et des envies, d&rsquo;autres techniques sont \u00e9galement disponibles (dessin au crayon ou \u00e0 la mine de plomb, peinture acrylique, blocs de cire, peinture \u00e0 l&rsquo;huile, pastels gras, collages).<\/p>\n<p>[\/et_pb_text][\/et_pb_column][\/et_pb_row][\/et_pb_section]<\/p>\n","protected":false},"excerpt":{"rendered":"<p>ATELIER D&rsquo;ART-TH\u00c9RAPIE &nbsp; TARIFS et MODALIT\u00c9S : Les vendredis apr\u00e8s-midi et en soir\u00e9e(de 13h00 \u00e0 21h00) LE MAT\u00c9RIEL EST INCLUS S\u00e9ance individuelle :150 CHF pour 1h30 Groupes th\u00e9rapeutiques :\u00a03 \u00e0 6 personnes, 85 CHF pour 1h30 Paiement sur place au comptant ou par TWINT Les s\u00e9ances manqu\u00e9es ou annul\u00e9es moins de 24h avant le rendez-vous [&hellip;]<\/p>\n","protected":false},"author":1,"featured_media":0,"parent":28939,"menu_order":0,"comment_status":"closed","ping_status":"closed","template":"","meta":{"_et_pb_use_builder":"on","_et_pb_old_content":"","_et_gb_content_width":"","footnotes":""},"class_list":["post-29228","page","type-page","status-publish","hentry"],"_links":{"self":[{"href":"https:\/\/xn--dp-art-bva.ch\/accueil\/wp-json\/wp\/v2\/pages\/29228","targetHints":{"allow":["GET"]}}],"collection":[{"href":"https:\/\/xn--dp-art-bva.ch\/accueil\/wp-json\/wp\/v2\/pages"}],"about":[{"href":"https:\/\/xn--dp-art-bva.ch\/accueil\/wp-json\/wp\/v2\/types\/page"}],"author":[{"embeddable":true,"href":"https:\/\/xn--dp-art-bva.ch\/accueil\/wp-json\/wp\/v2\/users\/1"}],"replies":[{"embeddable":true,"href":"https:\/\/xn--dp-art-bva.ch\/accueil\/wp-json\/wp\/v2\/comments?post=29228"}],"version-history":[{"count":24,"href":"https:\/\/xn--dp-art-bva.ch\/accueil\/wp-json\/wp\/v2\/pages\/29228\/revisions"}],"predecessor-version":[{"id":29422,"href":"https:\/\/xn--dp-art-bva.ch\/accueil\/wp-json\/wp\/v2\/pages\/29228\/revisions\/29422"}],"up":[{"embeddable":true,"href":"https:\/\/xn--dp-art-bva.ch\/accueil\/wp-json\/wp\/v2\/pages\/28939"}],"wp:attachment":[{"href":"https:\/\/xn--dp-art-bva.ch\/accueil\/wp-json\/wp\/v2\/media?parent=29228"}],"curies":[{"name":"wp","href":"https:\/\/api.w.org\/{rel}","templated":true}]}}