{"id":28945,"date":"2024-01-08T18:51:12","date_gmt":"2024-01-08T17:51:12","guid":{"rendered":"https:\/\/d\u00e9p-art.ch\/?page_id=28945"},"modified":"2024-06-23T17:01:01","modified_gmt":"2024-06-23T15:01:01","slug":"meditations-artistique","status":"publish","type":"page","link":"https:\/\/xn--dp-art-bva.ch\/accueil\/28939-2\/meditations-artistique\/","title":{"rendered":"m\u00e9ditations artistiques"},"content":{"rendered":"<p>[et_pb_section fb_built=\u00a0\u00bb1&Prime; _builder_version=\u00a0\u00bb4.23&Prime; _module_preset=\u00a0\u00bbdefault\u00a0\u00bb background_enable_color=\u00a0\u00bboff\u00a0\u00bb width=\u00a0\u00bb100%\u00a0\u00bb custom_margin=\u00a0\u00bb0px||||false|false\u00a0\u00bb top_divider_style=\u00a0\u00bbwave2&Prime; top_divider_color=\u00a0\u00bb#EFD281&Prime; top_divider_height=\u00a0\u00bb65px\u00a0\u00bb top_divider_repeat=\u00a0\u00bb2x\u00a0\u00bb top_divider_flip=\u00a0\u00bbvertical\u00a0\u00bb top_divider_arrangement=\u00a0\u00bbabove_content\u00a0\u00bb bottom_divider_style=\u00a0\u00bbwaves2&Prime; bottom_divider_color=\u00a0\u00bb#EFD281&Prime; bottom_divider_height=\u00a0\u00bb68px\u00a0\u00bb bottom_divider_repeat=\u00a0\u00bb1x\u00a0\u00bb bottom_divider_flip=\u00a0\u00bbvertical\u00a0\u00bb bottom_divider_arrangement=\u00a0\u00bbabove_content\u00a0\u00bb global_colors_info=\u00a0\u00bb{}\u00a0\u00bb][et_pb_row column_structure=\u00a0\u00bb1_3,2_3&Prime; use_custom_gutter=\u00a0\u00bbon\u00a0\u00bb gutter_width=\u00a0\u00bb2&Prime; make_equal=\u00a0\u00bbon\u00a0\u00bb _builder_version=\u00a0\u00bb4.23&Prime; _module_preset=\u00a0\u00bbdefault\u00a0\u00bb width=\u00a0\u00bb100%\u00a0\u00bb max_width=\u00a0\u00bb2560px\u00a0\u00bb module_alignment=\u00a0\u00bbleft\u00a0\u00bb custom_margin=\u00a0\u00bb-70px||-70px||true|false\u00a0\u00bb custom_padding=\u00a0\u00bb40px||40px||false|false\u00a0\u00bb global_colors_info=\u00a0\u00bb{}\u00a0\u00bb][et_pb_column type=\u00a0\u00bb1_3&Prime; disabled_on=\u00a0\u00bbon|on|off\u00a0\u00bb _builder_version=\u00a0\u00bb4.23&Prime; _module_preset=\u00a0\u00bbdefault\u00a0\u00bb background_color=\u00a0\u00bb#56537C\u00a0\u00bb custom_padding=\u00a0\u00bb||270px||false|false\u00a0\u00bb global_colors_info=\u00a0\u00bb{}\u00a0\u00bb][et_pb_image src=\u00a0\u00bbhttps:\/\/d\u00e9p-art.ch\/wp-content\/uploads\/2024\/01\/dep-Art-logo-web.png\u00a0\u00bb title_text=\u00a0\u00bbde\u0301p-Art-logo-web\u00a0\u00bb _builder_version=\u00a0\u00bb4.23&Prime; _module_preset=\u00a0\u00bbdefault\u00a0\u00bb background_enable_color=\u00a0\u00bboff\u00a0\u00bb custom_margin=\u00a0\u00bb80px||||false|false\u00a0\u00bb custom_padding=\u00a0\u00bb|25px||25px|false|true\u00a0\u00bb global_colors_info=\u00a0\u00bb{}\u00a0\u00bb][\/et_pb_image][et_pb_text _builder_version=\u00a0\u00bb4.23&Prime; _module_preset=\u00a0\u00bbdefault\u00a0\u00bb module_alignment=\u00a0\u00bbleft\u00a0\u00bb custom_margin=\u00a0\u00bb0px||50px||false|false\u00a0\u00bb custom_padding=\u00a0\u00bb||4px|40px|false|false\u00a0\u00bb global_colors_info=\u00a0\u00bb{}\u00a0\u00bb]<\/p>\n<p><span style=\"font-size: large;\"><strong><span style=\"color: #ffffff;\">ATELIER D&rsquo;ART-TH\u00c9RAPIE<\/span><\/strong><\/span><\/p>\n<p>&nbsp;<\/p>\n<p>[\/et_pb_text][et_pb_image src=\u00a0\u00bbhttps:\/\/d\u00e9p-art.ch\/wp-content\/uploads\/2024\/05\/image-atelier-nouveau.jpg\u00a0\u00bb title_text=\u00a0\u00bbimage atelier nouveau\u00a0\u00bb align=\u00a0\u00bbcenter\u00a0\u00bb _builder_version=\u00a0\u00bb4.23&Prime; _module_preset=\u00a0\u00bbdefault\u00a0\u00bb background_enable_color=\u00a0\u00bboff\u00a0\u00bb custom_margin=\u00a0\u00bb0px||90px||false|false\u00a0\u00bb custom_padding=\u00a0\u00bb|25px||25px|false|true\u00a0\u00bb border_radii=\u00a0\u00bbon|12px|12px|12px|12px\u00a0\u00bb global_colors_info=\u00a0\u00bb{}\u00a0\u00bb][\/et_pb_image][et_pb_text _builder_version=\u00a0\u00bb4.23&Prime; _module_preset=\u00a0\u00bbdefault\u00a0\u00bb module_alignment=\u00a0\u00bbleft\u00a0\u00bb custom_padding=\u00a0\u00bb|20px||40px|false|false\u00a0\u00bb global_colors_info=\u00a0\u00bb{}\u00a0\u00bb]<\/p>\n<p><span style=\"font-size: large; font-weight: bold; color: #ffffff;\">TARIFS et MODALIT\u00c9S :<\/span><\/p>\n<h6><span style=\"color: #ffffff;\"><\/span><\/h6>\n<h6><strong><span style=\"color: #ffffff;\">Les vendredis apr\u00e8s-midi et en soir\u00e9e<br \/>(de 13h00 \u00e0 21h00)<\/span><\/strong><\/h6>\n<p><span style=\"color: #ffffff;\"><\/span><\/p>\n<h6><strong><span style=\"color: #ffffff;\">LE MAT\u00c9RIEL EST INCLUS<\/span><\/strong><\/h6>\n<h6><span style=\"color: #ffffff;\"><\/span><\/h6>\n<h6><\/h6>\n<h6><span style=\"color: #ffffff;\"><strong>S\u00e9ance individuelle :<\/strong><br \/>150 CHF pour 1h30<\/span><\/h6>\n<h6><span style=\"color: #ffffff;\"><strong>Groupes th\u00e9rapeutiques :\u00a0<\/strong><br \/>3 \u00e0 6 personnes, 85 CHF pour 1h30<\/span><\/h6>\n<h6><span style=\"color: #ffffff;\"><\/span><\/h6>\n<h6><span style=\"color: #ffffff;\">Paiement sur place au comptant ou par TWINT<\/span><\/h6>\n<p><span style=\"color: #ffffff;\"><\/span><\/p>\n<h6><span style=\"color: #ffffff;\">Les s\u00e9ances manqu\u00e9es ou annul\u00e9es moins de 24h avant le rendez-vous sont dues.<\/span><\/h6>\n<p>[\/et_pb_text][\/et_pb_column][et_pb_column type=\u00a0\u00bb2_3&Prime; _builder_version=\u00a0\u00bb4.23&Prime; _module_preset=\u00a0\u00bbdefault\u00a0\u00bb custom_padding=\u00a0\u00bb|20px||20px|false|false\u00a0\u00bb global_colors_info=\u00a0\u00bb{}\u00a0\u00bb][et_pb_image src=\u00a0\u00bbhttps:\/\/d\u00e9p-art.ch\/wp-content\/uploads\/2024\/05\/Le-mitan-du-jour.jpg\u00a0\u00bb title_text=\u00a0\u00bbLe mitan du jour\u00a0\u00bb force_fullwidth=\u00a0\u00bbon\u00a0\u00bb _builder_version=\u00a0\u00bb4.23&Prime; _module_preset=\u00a0\u00bbdefault\u00a0\u00bb custom_margin=\u00a0\u00bb-30px||||false|false\u00a0\u00bb global_colors_info=\u00a0\u00bb{}\u00a0\u00bb][\/et_pb_image][et_pb_text _builder_version=\u00a0\u00bb4.23&Prime; _module_preset=\u00a0\u00bbdefault\u00a0\u00bb custom_margin=\u00a0\u00bb90px|40px|90px||false|false\u00a0\u00bb custom_padding=\u00a0\u00bb|0px|||false|false\u00a0\u00bb global_colors_info=\u00a0\u00bb{}\u00a0\u00bb]<\/p>\n<h1 style=\"text-align: justify;\">M\u00e9ditations artistiques<\/h1>\n<h4 style=\"text-align: justify;\"><\/h4>\n<h3 style=\"text-align: justify;\">De quoi s\u2019agit-il ?<\/h3>\n<p style=\"text-align: justify;\">Les m\u00e9ditations artistiques permettent de revenir sur un v\u00e9cu particulier ou une th\u00e9matique en l&rsquo;explorant de mani\u00e8re artistique. Le projet artistique est ici au centre de l\u2019attention, dans une d\u00e9marche construite et pens\u00e9e, faisant n\u00e9anmoins intervenir l\u2019intuition et le non-conscient.<\/p>\n<p style=\"text-align: justify;\">Cette approche permet de faire remonter \u00e0 la conscience, d&rsquo;observer et de mettre \u00e0 distance, en faisant \u00e9merger parfois des aspects insoup\u00e7onn\u00e9s et inconnus de la probl\u00e9matique. Dans ma pratique personnelle, il m\u2019est souvent arriv\u00e9 de comprendre bien plus tard, la raison d\u2019\u00eatre et la signification d\u2019un personnage ou d\u2019un objet que mon \u00e9lan cr\u00e9atif et mon intuition m\u2019avait incit\u00e9 \u00e0 introduire dans la composition. Ces m\u00e9ditations peuvent \u2013 mais ce n\u2019est pas une n\u00e9cessit\u00e9 &#8211; ouvrir au symbolique, au tot\u00e9mique ou \u00e0 l&rsquo;arch\u00e9typal.<\/p>\n<p>[\/et_pb_text][et_pb_image src=\u00a0\u00bbhttps:\/\/d\u00e9p-art.ch\/wp-content\/uploads\/2024\/05\/les-phoenix.jpg\u00a0\u00bb title_text=\u00a0\u00bbles phoenix\u00a0\u00bb _builder_version=\u00a0\u00bb4.23&Prime; _module_preset=\u00a0\u00bbdefault\u00a0\u00bb global_colors_info=\u00a0\u00bb{}\u00a0\u00bb][\/et_pb_image][et_pb_text _builder_version=\u00a0\u00bb4.23&Prime; _module_preset=\u00a0\u00bbdefault\u00a0\u00bb custom_margin=\u00a0\u00bb90px|40px|90px||false|false\u00a0\u00bb global_colors_info=\u00a0\u00bb{}\u00a0\u00bb]<\/p>\n<p style=\"text-align: justify;\"><strong>Imaginez que votre toile soit une sc\u00e8ne de th\u00e9\u00e2tre sur laquelle vous allez mettre en sc\u00e8ne un v\u00e9cu ou une th\u00e9matique<\/strong>.<br \/>Le processus propos\u00e9 va vous faire passer par tous les stades de la cr\u00e9ation en endossant diff\u00e9rents r\u00f4les. Du croquis \u00e0 la mise en couleur, en passant par le dessin et le travail des ombres et des lumi\u00e8res, vous endossez \u00e0 tour de r\u00f4le la fonction de sc\u00e9nariste, de metteur en sc\u00e8ne, d\u2019\u00e9clairagiste et de costumier.<\/p>\n<p style=\"text-align: justify;\">Cette approche peut \u00eatre l\u2019occasion d\u2019acqu\u00e9rir certaines notions de base en dessin (proportions du corps humain, perspective, composition de l\u2019image, etc.) et en peinture (harmonie des couleurs, techniques \u00e0 l\u2019acryl ou \u00e0 l\u2019huile).<\/p>\n<p style=\"text-align: justify;\"><strong>Elle ne convient pas \u00e0 l\u2019exploration de v\u00e9cus traumatiques qui n\u2019auraient pas \u00e9t\u00e9 pr\u00e9alablement trait\u00e9s.<\/strong><\/p>\n<p style=\"text-align: justify;\">A chaque \u00e9tape, c\u2019est l\u2019occasion de questionner votre sujet et d\u2019observer ce qui \u00e9merge &#8211; d\u2019o\u00f9 le terme de m\u00e9ditation &#8211; afin que la repr\u00e9sentation finale soit la plus fid\u00e8le possible \u00e0 votre ressenti.<\/p>\n<p style=\"text-align: justify;\">C\u2019est un processus qui vous fera certainement rester un certain temps sur la m\u00eame cr\u00e9ation, respectivement sur le m\u00eame sujet, raison pour laquelle la technique privil\u00e9gi\u00e9e est celle de la peinture \u00e0 l&rsquo;huile.<\/p>\n<p>[\/et_pb_text][et_pb_image src=\u00a0\u00bbhttps:\/\/d\u00e9p-art.ch\/wp-content\/uploads\/2024\/01\/au-coeur-de-la-nuit-1.jpg\u00a0\u00bb title_text=\u00a0\u00bbau coeur de la nuit\u00a0\u00bb _builder_version=\u00a0\u00bb4.23&Prime; _module_preset=\u00a0\u00bbdefault\u00a0\u00bb custom_margin=\u00a0\u00bb||90px||false|false\u00a0\u00bb global_colors_info=\u00a0\u00bb{}\u00a0\u00bb][\/et_pb_image][\/et_pb_column][\/et_pb_row][\/et_pb_section]<\/p>\n","protected":false},"excerpt":{"rendered":"<p>ATELIER D&rsquo;ART-TH\u00c9RAPIE &nbsp;TARIFS et MODALIT\u00c9S : Les vendredis apr\u00e8s-midi et en soir\u00e9e(de 13h00 \u00e0 21h00) LE MAT\u00c9RIEL EST INCLUS S\u00e9ance individuelle :150 CHF pour 1h30 Groupes th\u00e9rapeutiques :\u00a03 \u00e0 6 personnes, 85 CHF pour 1h30 Paiement sur place au comptant ou par TWINT Les s\u00e9ances manqu\u00e9es ou annul\u00e9es moins de 24h avant le rendez-vous sont [&hellip;]<\/p>\n","protected":false},"author":1,"featured_media":0,"parent":28939,"menu_order":0,"comment_status":"closed","ping_status":"closed","template":"","meta":{"_et_pb_use_builder":"on","_et_pb_old_content":"","_et_gb_content_width":"","footnotes":""},"class_list":["post-28945","page","type-page","status-publish","hentry"],"_links":{"self":[{"href":"https:\/\/xn--dp-art-bva.ch\/accueil\/wp-json\/wp\/v2\/pages\/28945","targetHints":{"allow":["GET"]}}],"collection":[{"href":"https:\/\/xn--dp-art-bva.ch\/accueil\/wp-json\/wp\/v2\/pages"}],"about":[{"href":"https:\/\/xn--dp-art-bva.ch\/accueil\/wp-json\/wp\/v2\/types\/page"}],"author":[{"embeddable":true,"href":"https:\/\/xn--dp-art-bva.ch\/accueil\/wp-json\/wp\/v2\/users\/1"}],"replies":[{"embeddable":true,"href":"https:\/\/xn--dp-art-bva.ch\/accueil\/wp-json\/wp\/v2\/comments?post=28945"}],"version-history":[{"count":55,"href":"https:\/\/xn--dp-art-bva.ch\/accueil\/wp-json\/wp\/v2\/pages\/28945\/revisions"}],"predecessor-version":[{"id":29423,"href":"https:\/\/xn--dp-art-bva.ch\/accueil\/wp-json\/wp\/v2\/pages\/28945\/revisions\/29423"}],"up":[{"embeddable":true,"href":"https:\/\/xn--dp-art-bva.ch\/accueil\/wp-json\/wp\/v2\/pages\/28939"}],"wp:attachment":[{"href":"https:\/\/xn--dp-art-bva.ch\/accueil\/wp-json\/wp\/v2\/media?parent=28945"}],"curies":[{"name":"wp","href":"https:\/\/api.w.org\/{rel}","templated":true}]}}