{"id":28939,"date":"2024-01-08T18:41:47","date_gmt":"2024-01-08T17:41:47","guid":{"rendered":"https:\/\/d\u00e9p-art.ch\/?page_id=28939"},"modified":"2025-01-15T18:37:10","modified_gmt":"2025-01-15T17:37:10","slug":"28939-2","status":"publish","type":"page","link":"https:\/\/xn--dp-art-bva.ch\/accueil\/28939-2\/","title":{"rendered":"ART-THERAPIE"},"content":{"rendered":"<p>[et_pb_section fb_built=\u00a0\u00bb1&Prime; _builder_version=\u00a0\u00bb4.23&Prime; _module_preset=\u00a0\u00bbdefault\u00a0\u00bb background_enable_color=\u00a0\u00bboff\u00a0\u00bb width=\u00a0\u00bb100%\u00a0\u00bb custom_margin=\u00a0\u00bb0px||||false|false\u00a0\u00bb top_divider_style=\u00a0\u00bbwave2&Prime; top_divider_color=\u00a0\u00bb#EFD281&Prime; top_divider_height=\u00a0\u00bb65px\u00a0\u00bb top_divider_repeat=\u00a0\u00bb2x\u00a0\u00bb top_divider_flip=\u00a0\u00bbvertical\u00a0\u00bb top_divider_arrangement=\u00a0\u00bbabove_content\u00a0\u00bb bottom_divider_style=\u00a0\u00bbwaves2&Prime; bottom_divider_color=\u00a0\u00bb#EFD281&Prime; bottom_divider_height=\u00a0\u00bb68px\u00a0\u00bb bottom_divider_repeat=\u00a0\u00bb1x\u00a0\u00bb bottom_divider_flip=\u00a0\u00bbvertical\u00a0\u00bb bottom_divider_arrangement=\u00a0\u00bbabove_content\u00a0\u00bb global_colors_info=\u00a0\u00bb{}\u00a0\u00bb][et_pb_row column_structure=\u00a0\u00bb1_3,2_3&Prime; use_custom_gutter=\u00a0\u00bbon\u00a0\u00bb gutter_width=\u00a0\u00bb2&Prime; make_equal=\u00a0\u00bbon\u00a0\u00bb _builder_version=\u00a0\u00bb4.23&Prime; _module_preset=\u00a0\u00bbdefault\u00a0\u00bb width=\u00a0\u00bb100%\u00a0\u00bb max_width=\u00a0\u00bb2560px\u00a0\u00bb module_alignment=\u00a0\u00bbleft\u00a0\u00bb custom_margin=\u00a0\u00bb-70px||-70px|0px|true|false\u00a0\u00bb custom_padding=\u00a0\u00bb|||0px|false|false\u00a0\u00bb global_colors_info=\u00a0\u00bb{}\u00a0\u00bb][et_pb_column type=\u00a0\u00bb1_3&Prime; _builder_version=\u00a0\u00bb4.23&Prime; _module_preset=\u00a0\u00bbdefault\u00a0\u00bb background_color=\u00a0\u00bb#56537C\u00a0\u00bb global_colors_info=\u00a0\u00bb{}\u00a0\u00bb][et_pb_image src=\u00a0\u00bbhttps:\/\/d\u00e9p-art.ch\/wp-content\/uploads\/2024\/01\/dep-Art-logo-web.png\u00a0\u00bb title_text=\u00a0\u00bbde\u0301p-Art-logo-web\u00a0\u00bb _builder_version=\u00a0\u00bb4.23&Prime; _module_preset=\u00a0\u00bbdefault\u00a0\u00bb background_enable_color=\u00a0\u00bboff\u00a0\u00bb custom_margin=\u00a0\u00bb80px||20px||false|false\u00a0\u00bb custom_padding=\u00a0\u00bb|25px||25px|false|true\u00a0\u00bb global_colors_info=\u00a0\u00bb{}\u00a0\u00bb][\/et_pb_image][et_pb_text _builder_version=\u00a0\u00bb4.23&Prime; _module_preset=\u00a0\u00bbdefault\u00a0\u00bb background_color=\u00a0\u00bbRGBA(255,255,255,0)\u00a0\u00bb text_orientation=\u00a0\u00bbjustified\u00a0\u00bb module_alignment=\u00a0\u00bbleft\u00a0\u00bb custom_margin=\u00a0\u00bb0px||50px|0px|false|false\u00a0\u00bb custom_padding=\u00a0\u00bb0px|60px|0px|60px|true|true\u00a0\u00bb global_colors_info=\u00a0\u00bb{}\u00a0\u00bb]<\/p>\n<p><span style=\"font-size: large;\"><strong><span style=\"color: #ffffff;\">ATELIER D&rsquo;ART-TH\u00c9RAPIE<\/span><\/strong><\/span><\/p>\n<p>&nbsp;<\/p>\n<p><span style=\"color: #ffffff;\"><\/span><\/p>\n<p>[\/et_pb_text][et_pb_image src=\u00a0\u00bbhttps:\/\/d\u00e9p-art.ch\/wp-content\/uploads\/2024\/05\/image-atelier-nouveau.jpg\u00a0\u00bb title_text=\u00a0\u00bbimage atelier nouveau\u00a0\u00bb align=\u00a0\u00bbcenter\u00a0\u00bb _builder_version=\u00a0\u00bb4.23&Prime; _module_preset=\u00a0\u00bbdefault\u00a0\u00bb background_color=\u00a0\u00bb#56537C\u00a0\u00bb custom_margin=\u00a0\u00bb0px||90px||false|false\u00a0\u00bb custom_padding=\u00a0\u00bb|10px||10px|false|false\u00a0\u00bb border_radii=\u00a0\u00bbon|12px|12px|12px|12px\u00a0\u00bb global_colors_info=\u00a0\u00bb{}\u00a0\u00bb][\/et_pb_image][et_pb_text _builder_version=\u00a0\u00bb4.23&Prime; _module_preset=\u00a0\u00bbdefault\u00a0\u00bb background_color=\u00a0\u00bbRGBA(255,255,255,0)\u00a0\u00bb text_orientation=\u00a0\u00bbjustified\u00a0\u00bb custom_margin=\u00a0\u00bb90px||90px||false|false\u00a0\u00bb custom_padding=\u00a0\u00bb0px|60px|0px|60px|true|true\u00a0\u00bb global_colors_info=\u00a0\u00bb{}\u00a0\u00bb]<\/p>\n<p><span style=\"font-size: large; font-weight: bold; color: #ffffff;\">TARIFS et MODALIT\u00c9S :<\/span><\/p>\n<h6><span style=\"color: #ffffff;\"><\/span><\/h6>\n<h6><strong><span style=\"color: #ffffff;\">Les vendredis apr\u00e8s-midi et en soir\u00e9e<br \/>(de 13h00 \u00e0 21h00)<\/span><\/strong><\/h6>\n<p><span style=\"color: #ffffff;\"><\/span><\/p>\n<h6><strong><span style=\"color: #ffffff;\">LE MAT\u00c9RIEL EST INCLUS<\/span><\/strong><\/h6>\n<h6><span style=\"color: #ffffff;\"><\/span><\/h6>\n<h6><\/h6>\n<h6><span style=\"color: #ffffff;\"><strong>S\u00e9ance individuelle :<\/strong><br \/>150 CHF pour 1h30<\/span><\/h6>\n<h6><span style=\"color: #ffffff;\"><strong>Groupes th\u00e9rapeutiques :<br \/>3 \u00e0 6 personnes, <\/strong>85 CHF pour 1h30<\/span><\/h6>\n<h6><span style=\"color: #ffffff;\"><\/span><\/h6>\n<h6><span style=\"color: #ffffff;\">Paiement sur place au comptant ou par TWINT<\/span><\/h6>\n<p><span style=\"color: #ffffff;\"><\/span><\/p>\n<h6><span style=\"color: #ffffff;\">Les s\u00e9ances manqu\u00e9es ou annul\u00e9es moins de 24h avant le rendez-vous sont dues.<\/span><\/h6>\n<p><span style=\"color: #ffffff;\"><\/span><\/p>\n<p><span style=\"color: #ffffff;\"><\/span><\/p>\n<p><span style=\"color: #ffffff;\"><\/span><\/p>\n<p><span style=\"color: #ffffff;\"><\/span><\/p>\n<p><span style=\"color: #ffffff;\"><\/span><\/p>\n<p>[\/et_pb_text][et_pb_image src=\u00a0\u00bbhttps:\/\/d\u00e9p-art.ch\/wp-content\/uploads\/2024\/05\/mon-portrait.jpg\u00a0\u00bb title_text=\u00a0\u00bbmon portrait\u00a0\u00bb align=\u00a0\u00bbcenter\u00a0\u00bb _builder_version=\u00a0\u00bb4.23&Prime; _module_preset=\u00a0\u00bbdefault\u00a0\u00bb width=\u00a0\u00bb75%\u00a0\u00bb custom_margin=\u00a0\u00bb0px||90px||false|false\u00a0\u00bb global_colors_info=\u00a0\u00bb{}\u00a0\u00bb][\/et_pb_image][et_pb_text _builder_version=\u00a0\u00bb4.23&Prime; _module_preset=\u00a0\u00bbdefault\u00a0\u00bb background_color=\u00a0\u00bbRGBA(255,255,255,0)\u00a0\u00bb text_orientation=\u00a0\u00bbjustified\u00a0\u00bb custom_margin=\u00a0\u00bb90px||40px||false|false\u00a0\u00bb custom_padding=\u00a0\u00bb0px|60px|0px|60px|true|true\u00a0\u00bb global_colors_info=\u00a0\u00bb{}\u00a0\u00bb]<\/p>\n<p><span style=\"font-size: x-large;\"><span style=\"color: #ffffff;\"><b>LAURENT KNUBEL<\/b><\/span><\/span><\/p>\n<p><strong style=\"color: #333333; font-size: 15px;\"><span style=\"color: #ffffff;\">Art-th\u00e9rapeute\u00a0<br \/><\/span><\/strong><strong style=\"font-size: 15px; color: #333333;\"><span style=\"color: #ffffff;\">Membre professionnel ARAET<\/span><\/strong><\/p>\n<p><span style=\"color: #ffffff;\"><a href=\"mailto:contact@d\u00e9p-art.ch\" style=\"color: #ffffff;\">contact@d\u00e9p-art.ch<\/a><\/span><br \/><span style=\"color: #ffffff;\">079 342 39 95<\/span><\/p>\n<p><strong style=\"color: #ffffff; font-size: 15px;\"><\/strong><\/p>\n<p><span style=\"color: #ffffff;\"><\/span><\/p>\n<p>[\/et_pb_text][et_pb_image _builder_version=\u00a0\u00bb4.23&Prime; _module_preset=\u00a0\u00bbdefault\u00a0\u00bb title_text=\u00a0\u00bblogo ASCA et RME 2&Prime; src=\u00a0\u00bbhttps:\/\/d\u00e9p-art.ch\/wp-content\/uploads\/2025\/01\/logo-ASCA-et-RME-2.jpg\u00a0\u00bb align=\u00a0\u00bbcenter\u00a0\u00bb max_width=\u00a0\u00bb75%\u00a0\u00bb hover_enabled=\u00a0\u00bb0&Prime; sticky_enabled=\u00a0\u00bb0&Prime;][\/et_pb_image][\/et_pb_column][et_pb_column type=\u00a0\u00bb2_3&Prime; _builder_version=\u00a0\u00bb4.23&Prime; _module_preset=\u00a0\u00bbdefault\u00a0\u00bb custom_padding=\u00a0\u00bb|20px||20px|false|false\u00a0\u00bb global_colors_info=\u00a0\u00bb{}\u00a0\u00bb][et_pb_text admin_label=\u00a0\u00bbTexte\u00a0\u00bb _builder_version=\u00a0\u00bb4.23&Prime; _module_preset=\u00a0\u00bbdefault\u00a0\u00bb custom_margin=\u00a0\u00bb60px|40px|80px||false|false\u00a0\u00bb global_colors_info=\u00a0\u00bb{}\u00a0\u00bb]<\/p>\n<h1 style=\"text-align: justify;\">Qu\u2019est-ce que l\u2019art-th\u00e9rapie ?<\/h1>\n<p style=\"text-align: justify;\">L\u2019art-th\u00e9rapie est un chemin de d\u00e9couverte et de gu\u00e9rison, qui permet d\u2019aller \u00e0 la rencontre de soi de mani\u00e8re douce, intuitive et non-verbale. L\u2019accompagnement th\u00e9rapeutique s\u2019effectue par le processus de cr\u00e9ation.<\/p>\n<p style=\"margin: 0cm; background: white; vertical-align: baseline; text-align: justify;\"><span style=\"font-size: 11.5pt; font-family: 'Arial',sans-serif; color: #666666;\"><strong>Cr\u00e9er, c\u2019est s\u2019exprimer, revisiter son histoire, explorer ses ressources et se transformer.<\/strong><o:p><\/o:p><\/span><\/p>\n<p style=\"margin: 0cm; background: white; vertical-align: baseline; text-align: justify;\"><span style=\"font-size: 11.5pt; font-family: 'Arial',sans-serif; color: #666666;\">Lorsque l\u2019expression des \u00e9motions par le langage verbal est difficile, l\u2019expression cr\u00e9atrice prend tout son sens.<o:p><\/o:p><\/span><\/p>\n<p style=\"text-align: justify;\">La cr\u00e9ation artistique permet de se relier \u00e0 la beaut\u00e9, source de joie et de gu\u00e9rison.<\/p>\n<p style=\"text-align: justify;\">\n<p>[\/et_pb_text][et_pb_image src=\u00a0\u00bbhttps:\/\/d\u00e9p-art.ch\/wp-content\/uploads\/2024\/05\/image-de-fond-1-page-art-therapie-2.jpg\u00a0\u00bb title_text=\u00a0\u00bbimage de fond 1 page art-th\u00e9rapie\u00a0\u00bb _builder_version=\u00a0\u00bb4.23&Prime; _module_preset=\u00a0\u00bbdefault\u00a0\u00bb width=\u00a0\u00bb100%\u00a0\u00bb custom_margin=\u00a0\u00bb-50px|40px|||false|false\u00a0\u00bb border_color_all=\u00a0\u00bbRGBA(255,255,255,0)\u00a0\u00bb global_colors_info=\u00a0\u00bb{}\u00a0\u00bb][\/et_pb_image][et_pb_text admin_label=\u00a0\u00bbTexte\u00a0\u00bb _builder_version=\u00a0\u00bb4.23&Prime; _module_preset=\u00a0\u00bbdefault\u00a0\u00bb custom_margin=\u00a0\u00bb90px|40px|90px||false|false\u00a0\u00bb custom_padding=\u00a0\u00bb0px||||false|false\u00a0\u00bb global_colors_info=\u00a0\u00bb{}\u00a0\u00bb]<\/p>\n<h4 style=\"text-align: justify;\">A qui s&rsquo;adresse l&rsquo;art-th\u00e9rapie ?<\/h4>\n<p style=\"text-align: justify;\">L\u2019art-th\u00e9rapie s\u2019adresse \u00e0 des personnes de tout \u00e2ge, \u00e0 toutes les \u00e9tapes de la vie. Aucune connaissance artistique pr\u00e9alable n\u2019est n\u00e9cessaire. L\u2019art-th\u00e9rapeute sollicite l\u2019imagination, l\u2019intuition, le jeu, la pens\u00e9e, les \u00e9motions et la volont\u00e9.<\/p>\n<p style=\"text-align: justify;\">L\u2019art-th\u00e9rapie peut aussi bien amener une d\u00e9tente, de la joie et un mieux-\u00eatre, dans un accompagnement plus en surface, que permettre une exploration profonde et un r\u00e9\u00e9quilibrage int\u00e9rieur. L&rsquo;art-th\u00e9rapie peut r\u00e9v\u00e9ler et apaiser des blocages ou des blessures. Elle peut aussi soutenir une recherche de nature plus spirituelle, afin de rencontrer le cr\u00e9ateur en soi et d\u00e9velopper sa nature intuitive. J\u2019envisage mon intervention \u00e0 tous ces niveaux, afin de vous accompagner sur votre chemin.<\/p>\n<p style=\"text-align: justify;\">\n<h4 style=\"text-align: justify;\">Quels sont les bienfaits de l&rsquo;art-th\u00e9rapie ?<\/h4>\n<p style=\"text-align: justify;\">L&rsquo;art-th\u00e9rapie soutient le sentiment d&rsquo;efficacit\u00e9 personnelle par un agir cr\u00e9atif orient\u00e9 vers ses ressources.<br \/>L&rsquo;art-th\u00e9rapie active les forces naturelles de gu\u00e9rison et renforce l&rsquo;autonomie.<br \/>L&rsquo;art-th\u00e9rapie <span>favorise les forces d\u2019autor\u00e9gulation de la personne sur les plans physique, social, intellectuel, \u00e9motionnel et volitif (salutogen\u00e8se).<br \/><\/span>L&rsquo;art-th\u00e9rapie vivifie, elle favorise la reliance avec la part inalt\u00e9r\u00e9e et inalt\u00e9rable de soi, avec son \u00eatre essentiel.<\/p>\n<p>[\/et_pb_text][et_pb_image src=\u00a0\u00bbhttps:\/\/d\u00e9p-art.ch\/wp-content\/uploads\/2024\/06\/image-de-fond-2-avec-texte-corrige.jpg\u00a0\u00bb title_text=\u00a0\u00bbimage de fond 2 avec texte corrig\u00e9\u00a0\u00bb _builder_version=\u00a0\u00bb4.23&Prime; _module_preset=\u00a0\u00bbdefault\u00a0\u00bb custom_margin=\u00a0\u00bb90px||90px||false|false\u00a0\u00bb global_colors_info=\u00a0\u00bb{}\u00a0\u00bb][\/et_pb_image][et_pb_text admin_label=\u00a0\u00bbTexte\u00a0\u00bb _builder_version=\u00a0\u00bb4.23&Prime; _module_preset=\u00a0\u00bbdefault\u00a0\u00bb min_height=\u00a0\u00bb228.5px\u00a0\u00bb custom_margin=\u00a0\u00bb90px|40px|90px||false|false\u00a0\u00bb global_colors_info=\u00a0\u00bb{}\u00a0\u00bb]<\/p>\n<h4 style=\"text-align: justify;\">Comment se passent les s\u00e9ances ?<\/h4>\n<p style=\"text-align: justify;\">Les premi\u00e8res s\u00e9ances servent \u00e0 pr\u00e9ciser les attentes, les besoins et les objectifs de l\u2019accompagnement. Au cours de ces premi\u00e8res s\u00e9ances vous r\u00e9alisez plusieurs cr\u00e9ations, g\u00e9n\u00e9ralement dans des techniques diff\u00e9rentes. L\u2019observation de ces premi\u00e8res cr\u00e9ations et un premier bilan effectu\u00e9 avec vous sur ces temps cr\u00e9atifs est une \u00e9tape capitale, n\u00e9cessaire \u00e0 la d\u00e9finition d\u2019un projet art-th\u00e9rapeutique. Il faut compter quatre \u00e0 cinq s\u00e9ances pour cette premi\u00e8re \u00e9tape. Il est alors possible de se fixer des objectifs, de formuler des propositions art-th\u00e9rapeutiques et de convenir ensemble du cheminement ad\u00e9quat.<\/p>\n<p style=\"text-align: justify;\">La dur\u00e9e d\u2019un suivi art-th\u00e9rapeutique est tr\u00e8s variable, de quelques mois \u00e0 plusieurs ann\u00e9es. Il faut g\u00e9n\u00e9ralement compter une bonne dizaine de s\u00e9ances apr\u00e8s la d\u00e9finition du projet art-th\u00e9rapeutique, pour qu\u2019un travail en profondeur soit possible. Des bilans r\u00e9guliers sont effectu\u00e9s en cours de th\u00e9rapie, pour permettre de faire le point, d\u2019ajuster \u00e9ventuellement les objectifs et vous permettre de vous d\u00e9terminer sur la suite de l\u2019accompagnement.<\/p>\n<p>[\/et_pb_text][et_pb_image src=\u00a0\u00bbhttps:\/\/d\u00e9p-art.ch\/wp-content\/uploads\/2024\/05\/pont-en-corde.jpg\u00a0\u00bb title_text=\u00a0\u00bbpont en corde\u00a0\u00bb _builder_version=\u00a0\u00bb4.23&Prime; _module_preset=\u00a0\u00bbdefault\u00a0\u00bb custom_margin=\u00a0\u00bb90px||90px||false|false\u00a0\u00bb global_colors_info=\u00a0\u00bb{}\u00a0\u00bb][\/et_pb_image][et_pb_text _builder_version=\u00a0\u00bb4.23&Prime; _module_preset=\u00a0\u00bbdefault\u00a0\u00bb min_height=\u00a0\u00bb90.5px\u00a0\u00bb custom_margin=\u00a0\u00bb90px|40px|90px||false|false\u00a0\u00bb global_colors_info=\u00a0\u00bb{}\u00a0\u00bb]<\/p>\n<h4 style=\"text-align: justify;\">Ce \u00e0 quoi vous vous engagez<\/h4>\n<p style=\"text-align: justify;\">Apr\u00e8s la premi\u00e8re s\u00e9ance, si vous d\u00e9cidez de poursuivre, vous vous engagez jusqu\u2019au bilan initial et la d\u00e9finition d\u2019un projet art-th\u00e9rapeutique (environ 4 s\u00e9ances). Par la suite, un bilan est effectu\u00e9 toutes les quatre \u00e0 cinq s\u00e9ances, au cours desquelles vous vous d\u00e9terminez \u00e9galement sur la poursuite ou non de l\u2019accompagnement.<\/p>\n<p>[\/et_pb_text][\/et_pb_column][\/et_pb_row][\/et_pb_section]<\/p>\n","protected":false},"excerpt":{"rendered":"<p>ATELIER D&rsquo;ART-TH\u00c9RAPIE &nbsp; TARIFS et MODALIT\u00c9S : Les vendredis apr\u00e8s-midi et en soir\u00e9e(de 13h00 \u00e0 21h00) LE MAT\u00c9RIEL EST INCLUS S\u00e9ance individuelle :150 CHF pour 1h30 Groupes th\u00e9rapeutiques :3 \u00e0 6 personnes, 85 CHF pour 1h30 Paiement sur place au comptant ou par TWINT Les s\u00e9ances manqu\u00e9es ou annul\u00e9es moins de 24h avant le rendez-vous [&hellip;]<\/p>\n","protected":false},"author":1,"featured_media":0,"parent":0,"menu_order":0,"comment_status":"closed","ping_status":"closed","template":"","meta":{"_et_pb_use_builder":"on","_et_pb_old_content":"","_et_gb_content_width":"","footnotes":""},"class_list":["post-28939","page","type-page","status-publish","hentry"],"_links":{"self":[{"href":"https:\/\/xn--dp-art-bva.ch\/accueil\/wp-json\/wp\/v2\/pages\/28939","targetHints":{"allow":["GET"]}}],"collection":[{"href":"https:\/\/xn--dp-art-bva.ch\/accueil\/wp-json\/wp\/v2\/pages"}],"about":[{"href":"https:\/\/xn--dp-art-bva.ch\/accueil\/wp-json\/wp\/v2\/types\/page"}],"author":[{"embeddable":true,"href":"https:\/\/xn--dp-art-bva.ch\/accueil\/wp-json\/wp\/v2\/users\/1"}],"replies":[{"embeddable":true,"href":"https:\/\/xn--dp-art-bva.ch\/accueil\/wp-json\/wp\/v2\/comments?post=28939"}],"version-history":[{"count":63,"href":"https:\/\/xn--dp-art-bva.ch\/accueil\/wp-json\/wp\/v2\/pages\/28939\/revisions"}],"predecessor-version":[{"id":29517,"href":"https:\/\/xn--dp-art-bva.ch\/accueil\/wp-json\/wp\/v2\/pages\/28939\/revisions\/29517"}],"wp:attachment":[{"href":"https:\/\/xn--dp-art-bva.ch\/accueil\/wp-json\/wp\/v2\/media?parent=28939"}],"curies":[{"name":"wp","href":"https:\/\/api.w.org\/{rel}","templated":true}]}}