{"id":28895,"date":"2024-01-08T16:22:57","date_gmt":"2024-01-08T15:22:57","guid":{"rendered":"https:\/\/d\u00e9p-art.ch\/?page_id=28895"},"modified":"2025-01-15T18:43:14","modified_gmt":"2025-01-15T17:43:14","slug":"28895-2","status":"publish","type":"page","link":"https:\/\/xn--dp-art-bva.ch\/accueil\/28895-2\/","title":{"rendered":"A PROPOS"},"content":{"rendered":"<p>[et_pb_section fb_built=\u00a0\u00bb1&Prime; _builder_version=\u00a0\u00bb4.23&Prime; _module_preset=\u00a0\u00bbdefault\u00a0\u00bb background_enable_color=\u00a0\u00bboff\u00a0\u00bb width=\u00a0\u00bb100%\u00a0\u00bb custom_margin=\u00a0\u00bb||||false|false\u00a0\u00bb top_divider_style=\u00a0\u00bbwave2&Prime; top_divider_color=\u00a0\u00bb#EFD281&Prime; top_divider_height=\u00a0\u00bb65px\u00a0\u00bb top_divider_repeat=\u00a0\u00bb2x\u00a0\u00bb top_divider_flip=\u00a0\u00bbvertical\u00a0\u00bb top_divider_arrangement=\u00a0\u00bbabove_content\u00a0\u00bb bottom_divider_style=\u00a0\u00bbwaves2&Prime; bottom_divider_color=\u00a0\u00bb#EFD281&Prime; bottom_divider_height=\u00a0\u00bb68px\u00a0\u00bb bottom_divider_repeat=\u00a0\u00bb1x\u00a0\u00bb bottom_divider_flip=\u00a0\u00bbvertical\u00a0\u00bb bottom_divider_arrangement=\u00a0\u00bbabove_content\u00a0\u00bb global_colors_info=\u00a0\u00bb{}\u00a0\u00bb][et_pb_row column_structure=\u00a0\u00bb1_3,2_3&Prime; use_custom_gutter=\u00a0\u00bbon\u00a0\u00bb gutter_width=\u00a0\u00bb2&Prime; make_equal=\u00a0\u00bbon\u00a0\u00bb _builder_version=\u00a0\u00bb4.23&Prime; _module_preset=\u00a0\u00bbdefault\u00a0\u00bb width=\u00a0\u00bb100%\u00a0\u00bb max_width=\u00a0\u00bb2560px\u00a0\u00bb module_alignment=\u00a0\u00bbleft\u00a0\u00bb min_height=\u00a0\u00bb682.3px\u00a0\u00bb custom_margin=\u00a0\u00bb-80px||-60px||false|false\u00a0\u00bb custom_padding=\u00a0\u00bb||24px|||\u00a0\u00bb global_colors_info=\u00a0\u00bb{}\u00a0\u00bb][et_pb_column type=\u00a0\u00bb1_3&Prime; _builder_version=\u00a0\u00bb4.23&Prime; _module_preset=\u00a0\u00bbdefault\u00a0\u00bb background_color=\u00a0\u00bb#56537C\u00a0\u00bb custom_padding=\u00a0\u00bb80px||80px||false|false\u00a0\u00bb global_colors_info=\u00a0\u00bb{}\u00a0\u00bb][et_pb_image src=\u00a0\u00bbhttps:\/\/d\u00e9p-art.ch\/wp-content\/uploads\/2024\/01\/dep-Art-logo-web.png\u00a0\u00bb title_text=\u00a0\u00bbde\u0301p-Art-logo-web\u00a0\u00bb _builder_version=\u00a0\u00bb4.23&Prime; _module_preset=\u00a0\u00bbdefault\u00a0\u00bb background_enable_color=\u00a0\u00bboff\u00a0\u00bb custom_margin=\u00a0\u00bb0px||||false|false\u00a0\u00bb custom_padding=\u00a0\u00bb|25px||25px|false|true\u00a0\u00bb hover_enabled=\u00a0\u00bb0&Prime; global_colors_info=\u00a0\u00bb{}\u00a0\u00bb sticky_enabled=\u00a0\u00bb0&Prime;][\/et_pb_image][et_pb_image src=\u00a0\u00bbhttps:\/\/d\u00e9p-art.ch\/wp-content\/uploads\/2024\/05\/mon-portrait.jpg\u00a0\u00bb title_text=\u00a0\u00bbmon portrait\u00a0\u00bb _builder_version=\u00a0\u00bb4.23&Prime; _module_preset=\u00a0\u00bbdefault\u00a0\u00bb background_color=\u00a0\u00bbRGBA(255,255,255,0)\u00a0\u00bb custom_margin=\u00a0\u00bb-18px||||false|false\u00a0\u00bb custom_margin_last_edited=\u00a0\u00bboff|desktop\u00a0\u00bb custom_padding=\u00a0\u00bb|25px||25px|true|true\u00a0\u00bb border_radii=\u00a0\u00bbon|100px|100px|100px|100px\u00a0\u00bb border_color_all=\u00a0\u00bbRGBA(255,255,255,0)\u00a0\u00bb global_colors_info=\u00a0\u00bb{}\u00a0\u00bb][\/et_pb_image][et_pb_text _builder_version=\u00a0\u00bb4.23&Prime; _module_preset=\u00a0\u00bbdefault\u00a0\u00bb background_color=\u00a0\u00bbRGBA(255,255,255,0)\u00a0\u00bb text_orientation=\u00a0\u00bbjustified\u00a0\u00bb custom_margin=\u00a0\u00bb||||false|false\u00a0\u00bb custom_padding=\u00a0\u00bb21px|40px|21px|40px|true|true\u00a0\u00bb hover_enabled=\u00a0\u00bb0&Prime; global_colors_info=\u00a0\u00bb{}\u00a0\u00bb sticky_enabled=\u00a0\u00bb0&Prime;]<\/p>\n<p><span style=\"font-size: x-large;\"><span style=\"color: #ffffff;\"><b>LAURENT KNUBEL<\/b><\/span><\/span><\/p>\n<p><strong style=\"color: #333333; font-size: 15px;\"><span style=\"color: #ffffff;\">Art-th\u00e9rapeute \u00e0 m\u00e9diation plastique et visuelle<br \/><\/span><\/strong><strong style=\"font-size: 15px; color: #333333;\"><span style=\"color: #ffffff;\">Membre professionnel ARAET<\/span><\/strong><\/p>\n<p><span style=\"color: #ffffff;\"><a href=\"mailto:contact@d\u00e9p-art.ch\" style=\"color: #ffffff;\">contact@d\u00e9p-art.ch<\/a><\/span><br \/><span style=\"color: #ffffff;\">079 342 39 95<\/span><\/p>\n<p>[\/et_pb_text][et_pb_image _builder_version=\u00a0\u00bb4.23&Prime; _module_preset=\u00a0\u00bbdefault\u00a0\u00bb title_text=\u00a0\u00bblogo ASCA et RME 2&Prime; src=\u00a0\u00bbhttps:\/\/d\u00e9p-art.ch\/wp-content\/uploads\/2025\/01\/logo-ASCA-et-RME-2.jpg\u00a0\u00bb max_width=\u00a0\u00bb75%\u00a0\u00bb hover_enabled=\u00a0\u00bb0&Prime; sticky_enabled=\u00a0\u00bb0&Prime; custom_padding=\u00a0\u00bb|||0px|false|false\u00a0\u00bb custom_margin=\u00a0\u00bb|||40px|false|false\u00a0\u00bb][\/et_pb_image][\/et_pb_column][et_pb_column type=\u00a0\u00bb2_3&Prime; _builder_version=\u00a0\u00bb4.23&Prime; _module_preset=\u00a0\u00bbdefault\u00a0\u00bb custom_padding=\u00a0\u00bb|20px||20px|false|false\u00a0\u00bb global_colors_info=\u00a0\u00bb{}\u00a0\u00bb][et_pb_text _builder_version=\u00a0\u00bb4.23&Prime; _module_preset=\u00a0\u00bbdefault\u00a0\u00bb text_letter_spacing=\u00a0\u00bb3px\u00a0\u00bb text_line_height=\u00a0\u00bb1.8em\u00a0\u00bb module_alignment=\u00a0\u00bbright\u00a0\u00bb custom_margin=\u00a0\u00bb90px|40px|40px||false|false\u00a0\u00bb custom_padding=\u00a0\u00bb||||false|false\u00a0\u00bb global_colors_info=\u00a0\u00bb{}\u00a0\u00bb]<\/p>\n<h4 style=\"text-align: justify;\"><em><strong><span style=\"color: #e02b20;\">La cr\u00e9ativit\u00e9 est un chemin direct vers soi, un chemin multicolore <\/span><\/strong><\/em><em><strong><span style=\"color: #e02b20;\">et parsem\u00e9 de fleurs, qui d\u00e9veloppera \u00e9galement votre pers\u00e9v\u00e9rance et votre courage.<\/span><\/strong><\/em><\/h4>\n<p>[\/et_pb_text][et_pb_text _builder_version=\u00a0\u00bb4.23&Prime; _module_preset=\u00a0\u00bbdefault\u00a0\u00bb module_alignment=\u00a0\u00bbright\u00a0\u00bb custom_margin=\u00a0\u00bb40px|40px|60px||false|false\u00a0\u00bb custom_padding=\u00a0\u00bb||||false|false\u00a0\u00bb global_colors_info=\u00a0\u00bb{}\u00a0\u00bb]<\/p>\n<p style=\"text-align: justify;\">Je vous accompagne sur votre chemin avec professionnalisme, bienveillance et int\u00e9grit\u00e9. Je vous soutiens dans les moments difficiles, tout en respectant vos limites et vos choix. Deplus votre accompagnement fait obligatoirement l\u2019objet d\u2019une supervision. Membre de l\u2019Association Romande Arts, Expression et Th\u00e9rapie (ARAET) je souscris au code de d\u00e9ontologie de la fa\u00eeti\u00e8re des associations suisses de th\u00e9rapie \u00e0 m\u00e9diation artistique (Oda Arte Cura).<\/p>\n<h2 style=\"text-align: justify;\"><\/h2>\n<h2 style=\"text-align: justify;\">Mon Parcours<\/h2>\n<p style=\"text-align: justify;\">Je suis enseignant primaire de formation initiale. Je poursuis mes \u00e9tudes \u00e0 l\u2019universit\u00e9 de Fribourg et obtiens une licence en Lettres en 1998. J\u2019enseigne l\u2019histoire et l\u2019\u00e9ducation aux m\u00e9dias pendant plusieurs ann\u00e9es dans le cadre de la formation des enseignants. En parall\u00e8le, je travaille comme conseiller p\u00e9dagogique dans le domaine de l\u2019audio-visuel aupr\u00e8s du Centre fribourgeois de documentation p\u00e9dagogique. J\u2019aime soutenir les enseignants dans leurs projets cr\u00e9atifs (prise de vues, narration par l\u2019image, montage vid\u00e9o, sonorisation). En 2002 je me r\u00e9oriente vers le domaine de la migration et d\u00e8s 2008 plus sp\u00e9cifiquement dans la lutte contre la traite des \u00eatres humains et le trafic de migrants.<\/p>\n<p style=\"text-align: justify;\">Je reviens au dessin et d\u00e9couvre la peinture vers l\u2019\u00e2ge de 37 ans. Je suis alors pendant quelques ann\u00e9es des cours aupr\u00e8s d\u2019une artiste peintre fribourgeoise et n\u2019ai jamais cess\u00e9 de peindre depuis lors. Ma pratique artistique personnelle me fait d\u00e9couvrir un outil fabuleux pour explorer mes mondes int\u00e9rieurs, d\u00e9velopper mon intuition et engager un dialogue profond et intime avec moi-m\u00eame. A 48 ans, l\u2019envie d\u2019approfondir cette voie m\u2019am\u00e8ne \u00e0 suivre une formation d\u2019art-th\u00e9rapeute. L\u2019\u00e9cole Arth\u00e9a propose une approche holistique de l\u2019\u00eatre humain qui int\u00e8gre ses dimensions biologiques, psychiques et spirituelles, dans laquelle je me reconnais.<\/p>\n<h5 style=\"text-align: justify;\"><\/h5>\n<h5 style=\"text-align: justify;\"><\/h5>\n<h5 style=\"text-align: justify;\">En juin 2023, j\u2019obtiens mon certificat de branche en art-th\u00e9rapie \u00e0 m\u00e9diation plastique et visuelle.<\/h5>\n<p>[\/et_pb_text][\/et_pb_column][\/et_pb_row][\/et_pb_section]<\/p>\n","protected":false},"excerpt":{"rendered":"<p>LAURENT KNUBEL Art-th\u00e9rapeute \u00e0 m\u00e9diation plastique et visuelleMembre professionnel ARAET contact@d\u00e9p-art.ch079 342 39 95La cr\u00e9ativit\u00e9 est un chemin direct vers soi, un chemin multicolore et parsem\u00e9 de fleurs, qui d\u00e9veloppera \u00e9galement votre pers\u00e9v\u00e9rance et votre courage.Je vous accompagne sur votre chemin avec professionnalisme, bienveillance et int\u00e9grit\u00e9. Je vous soutiens dans les moments difficiles, tout en [&hellip;]<\/p>\n","protected":false},"author":1,"featured_media":0,"parent":0,"menu_order":0,"comment_status":"closed","ping_status":"closed","template":"","meta":{"_et_pb_use_builder":"on","_et_pb_old_content":"","_et_gb_content_width":"","footnotes":""},"class_list":["post-28895","page","type-page","status-publish","hentry"],"_links":{"self":[{"href":"https:\/\/xn--dp-art-bva.ch\/accueil\/wp-json\/wp\/v2\/pages\/28895","targetHints":{"allow":["GET"]}}],"collection":[{"href":"https:\/\/xn--dp-art-bva.ch\/accueil\/wp-json\/wp\/v2\/pages"}],"about":[{"href":"https:\/\/xn--dp-art-bva.ch\/accueil\/wp-json\/wp\/v2\/types\/page"}],"author":[{"embeddable":true,"href":"https:\/\/xn--dp-art-bva.ch\/accueil\/wp-json\/wp\/v2\/users\/1"}],"replies":[{"embeddable":true,"href":"https:\/\/xn--dp-art-bva.ch\/accueil\/wp-json\/wp\/v2\/comments?post=28895"}],"version-history":[{"count":33,"href":"https:\/\/xn--dp-art-bva.ch\/accueil\/wp-json\/wp\/v2\/pages\/28895\/revisions"}],"predecessor-version":[{"id":29519,"href":"https:\/\/xn--dp-art-bva.ch\/accueil\/wp-json\/wp\/v2\/pages\/28895\/revisions\/29519"}],"wp:attachment":[{"href":"https:\/\/xn--dp-art-bva.ch\/accueil\/wp-json\/wp\/v2\/media?parent=28895"}],"curies":[{"name":"wp","href":"https:\/\/api.w.org\/{rel}","templated":true}]}}